{"id":17270,"date":"2025-11-27T14:32:47","date_gmt":"2025-11-27T14:32:47","guid":{"rendered":"https:\/\/www.infinimountainguides.com\/marruecos\/"},"modified":"2025-11-27T14:32:47","modified_gmt":"2025-11-27T14:32:47","slug":"marruecos","status":"publish","type":"page","link":"https:\/\/www.infinimountainguides.com\/ca\/marruecos\/","title":{"rendered":"Marruecos"},"content":{"rendered":"<section class=\"wpb-content-wrapper\"><p>[vc_row row_content_width=&#8221;grid&#8221; css=&#8221;.vc_custom_1732620382709{padding-top: 16px !important;padding-bottom: 129px !important;}&#8221;][vc_column css=&#8221;.vc_custom_1521538610372{padding-top: 56px !important;padding-bottom: 20px !important;}&#8221;]<div class=\"eltd-tours-list-holder eltd-tours-row eltd-normal-space  eltd-tours-columns-3 eltd-tours-type-standard\">\n\t\t\t\t\t\t<div class=\"eltd-tours-list-pagination-data\">\n\t\t\t\t<input type=\"hidden\" name=\"number\" value=\"12\">\n\t\t\t\t<input type=\"hidden\" name=\"order_by\" value=\"date\">\n\t\t\t\t<input type=\"hidden\" name=\"order\" value=\"ASC\">\n\t\t\t\t<input type=\"hidden\" name=\"tour_category\" value=\"\">\n\t\t\t\t<input type=\"hidden\" name=\"destination\" value=\"Marruecos\">\n\t\t\t\t<input type=\"hidden\" name=\"thumb_size\" value=\"320x500\">\n\t\t\t\t<input type=\"hidden\" name=\"next_page\" value=\"2\">\n\t\t\t\t<input type=\"hidden\" name=\"tour_type\" value=\"standard\">\n\t\t\t\t<input type=\"hidden\" name=\"image_size\" value=\"custom\">\n\t\t\t\t<input type=\"hidden\" name=\"title_tag\" value=\"h4\">\n\t\t\t\t<input type=\"hidden\" name=\"text_length\" value=\"11\">\n\t\t\t<\/div>\n\t\t\n\t\t\n        <div class=\"eltd-tours-list-holder-inner eltd-tours-row-inner-holder eltd-outer-space\">\n\t\t\t<div class=\"eltd-tours-list-grid-sizer\"><\/div>\n\t\t\t\t\t<div class=\"eltd-tours-standard-item eltd-tours-row-item eltd-item-space post-17297 tour-item type-tour-item status-publish has-post-thumbnail hentry\">\n\t\t\t<div class=\"eltd-tours-standard-item-image-holder\">\n\t\t\t<a href=\"https:\/\/www.infinimountainguides.com\/ca\/tour-item\/eslovenia-triglav-summit\/\">\n\t\t\t\t<img decoding=\"async\" src=\"https:\/\/www.infinimountainguides.com\/wp-content\/uploads\/2025\/11\/VIAJES-2026-Vignette-Page-web-19-320x500.png\" alt=\"\" width=\"320\" height=\"500\" \/>\t\t\t<\/a>\n\t\t\t\t\t\t\t<span class=\"eltd-tours-standard-item-label-holder\">\n\t\t\t\t\t\n\t\t<span class=\"eltd-tour-item-label\">\n\t\t\t<span class=\"eltd-tour-item-label-inner\">\n\t\t\t\tDel 09 al 15 de agosto\t\t\t<\/span>\n\t\t<\/span>\n\n\t\t\t\t\t\t<\/span>\n\t\t\t\t\t<\/div>\n\t\n\t<div class=\"eltd-tours-standard-item-content-holder\">\n\t\t<div class=\"eltd-tours-standard-item-content-inner\">\n\t\t\t<div class=\"eltd-tours-standard-item-title-price-holder\">\n\t\t\t\t<h4 class=\"eltd-tour-title\">\n\t\t\t\t\t<a href=\"https:\/\/www.infinimountainguides.com\/ca\/tour-item\/eslovenia-triglav-summit\/\">Eslovenia Triglav Summit<\/a>\n\t\t\t\t\t<span class=\"eltd-tours-standard-item-price-holder\">\n\t\t\t\t\t\t\n\t\t<span class=\"eltd-tours-price-holder\">\n\t\t\t\t\t\t\t<span class=\"eltd-tours-item-price \">$1230<\/span>\n\t\t\t\t\t\t\t\t<\/span>\n\n\t\t\t\t\t\t\t<\/span>\n\t\t\t\t<\/h4>\n\t\t\t<\/div>\n\t\t\t\t\t\t\t<div class=\"eltd-tours-standard-item-excerpt\">\n\t\t\t\t\tAcomp\u00e1\u00f1ame en una aventura \u00fanica por Eslovenia, un para\u00edso escondido en&hellip;\t\t\t\t<\/div>\n\t\t\t\t\t<\/div>\n\t\t<div class=\"eltd-tours-standard-item-bottom-content\">\n\t\t\t\t\t\t\t<div class=\"eltd-tours-standard-item-bottom-item\">\n\t\t\t\t\t\n\t\t\n\t\t\t<div class=\"eltd-tour-duration-holder\">\n\t\t\t    <span class=\"eltd-tour-duration-icon eltd-tour-info-icon\">\n\t\t\t\t\t<span class=\"lnr lnr-history\"><\/span>\n\t\t\t    <\/span>\n\t\t\t\t<span class=\"eltd-tour-info-label\">\n\t\t\t\t\t7 d\u00edas\t\t\t\t<\/span>\n\t\t\t<\/div>\n\n\t\t\n\t\t\t\t\t\t<\/div>\n\t\t\t\n\t\t\t\t\t\t\t<div class=\"eltd-tours-standard-item-bottom-item\">\n\t\t\t\t\t\n\t\t\n\t\t\t<div class=\"eltd-tour-min-age-holder\">\n\t\t\t    <span class=\"eltd-tour-min-age-icon eltd-tour-info-icon\">\n\t\t\t\t    <span class=\"lnr lnr-user\"><\/span>\n\t\t\t    <\/span>\n\n\t\t\t\t<span class=\"eltd-tour-info-label\">\n\t\t\t\t\tDe 4 a 8+\n\t\t\t\t\t\t\t\t\t<\/span>\n\t\t\t<\/div>\n\n\t\t\n\t\t\t\t\t\t<\/div>\n\t\t\t\n\t\t\t\t\t<\/div>\n\t<\/div>\n<\/div>\t\t<div class=\"eltd-tours-standard-item eltd-tours-row-item eltd-item-space post-17249 tour-item type-tour-item status-publish has-post-thumbnail hentry tour-category-senderisme-ca\">\n\t\t\t<div class=\"eltd-tours-standard-item-image-holder\">\n\t\t\t<a href=\"https:\/\/www.infinimountainguides.com\/ca\/tour-item\/pais-vasco-gipuzkoa-lapurdi-mar-y-montana\/\">\n\t\t\t\t<img decoding=\"async\" src=\"https:\/\/www.infinimountainguides.com\/wp-content\/uploads\/2026\/01\/Vignette-Semana-Santa-Pais-Vasco-320x500.png\" alt=\"\" width=\"320\" height=\"500\" \/>\t\t\t<\/a>\n\t\t\t\t\t\t\t<span class=\"eltd-tours-standard-item-label-holder\">\n\t\t\t\t\t\n\t\t<span class=\"eltd-tour-item-label\">\n\t\t\t<span class=\"eltd-tour-item-label-inner\">\n\t\t\t\tDel 01 al 06 de abril\t\t\t<\/span>\n\t\t<\/span>\n\n\t\t\t\t\t\t<\/span>\n\t\t\t\t\t<\/div>\n\t\n\t<div class=\"eltd-tours-standard-item-content-holder\">\n\t\t<div class=\"eltd-tours-standard-item-content-inner\">\n\t\t\t<div class=\"eltd-tours-standard-item-title-price-holder\">\n\t\t\t\t<h4 class=\"eltd-tour-title\">\n\t\t\t\t\t<a href=\"https:\/\/www.infinimountainguides.com\/ca\/tour-item\/pais-vasco-gipuzkoa-lapurdi-mar-y-montana\/\">Pa\u00eds Vasco Gipuzkoa y Lapurdi &#8211; Mar y Monta\u00f1a<\/a>\n\t\t\t\t\t<span class=\"eltd-tours-standard-item-price-holder\">\n\t\t\t\t\t\t\n\t\t<span class=\"eltd-tours-price-holder\">\n\t\t\t\t\t\t\t<span class=\"eltd-tours-item-price \">$650<\/span>\n\t\t\t\t\t\t\t\t<\/span>\n\n\t\t\t\t\t\t\t<\/span>\n\t\t\t\t<\/h4>\n\t\t\t<\/div>\n\t\t\t\t\t\t\t<div class=\"eltd-tours-standard-item-excerpt\">\n\t\t\t\t\tInfini te ha preparado un viaje especial. No solo por el&hellip;\t\t\t\t<\/div>\n\t\t\t\t\t<\/div>\n\t\t<div class=\"eltd-tours-standard-item-bottom-content\">\n\t\t\t\t\t\t\t<div class=\"eltd-tours-standard-item-bottom-item\">\n\t\t\t\t\t\n\t\t\n\t\t\t<div class=\"eltd-tour-duration-holder\">\n\t\t\t    <span class=\"eltd-tour-duration-icon eltd-tour-info-icon\">\n\t\t\t\t\t<span class=\"lnr lnr-history\"><\/span>\n\t\t\t    <\/span>\n\t\t\t\t<span class=\"eltd-tour-info-label\">\n\t\t\t\t\t6 d\u00edas\t\t\t\t<\/span>\n\t\t\t<\/div>\n\n\t\t\n\t\t\t\t\t\t<\/div>\n\t\t\t\n\t\t\t\t\t\t\t<div class=\"eltd-tours-standard-item-bottom-item\">\n\t\t\t\t\t\n\t\t\n\t\t\t<div class=\"eltd-tour-min-age-holder\">\n\t\t\t    <span class=\"eltd-tour-min-age-icon eltd-tour-info-icon\">\n\t\t\t\t    <span class=\"lnr lnr-user\"><\/span>\n\t\t\t    <\/span>\n\n\t\t\t\t<span class=\"eltd-tour-info-label\">\n\t\t\t\t\tDe 6 a 12+\n\t\t\t\t\t\t\t\t\t<\/span>\n\t\t\t<\/div>\n\n\t\t\n\t\t\t\t\t\t<\/div>\n\t\t\t\n\t\t\t\t\t<\/div>\n\t<\/div>\n<\/div>\t\t<\/div>\n\n\t\t\t\t\t<div class=\"eltd-tours-pagination-holder eltd-tours-pagination-load-more\">\n\t\t\t\t\t\t\t\t\t<a itemprop=\"url\" href=\"#\" target=\"_self\"  class=\"eltd-btn eltd-btn-large eltd-btn-solid eltd-tours-load-more-button\"  data-loading-label=\"Loading...\">\n    <span class=\"eltd-btn-text\">Veure m\u00e9s<\/span>\n    <\/a>\t\t\t\t\t\t\t<\/div>\n\n\t\t\n\n\t\t<\/div>[\/vc_column][\/vc_row][vc_row][vc_column][vc_column_text]<\/p>\n<div id=\"sconnect-is-installed\" style=\"display: none;\">2.15.1.0<\/div>\n<div id=\"sconnect-is-installed\" style=\"display: none;\">2.15.1.0<\/div>\n<p>[\/vc_column_text][\/vc_column][\/vc_row][vc_row][vc_column][vc_column_text]<\/p>\n<div id=\"sconnect-is-installed\" style=\"display: none;\">2.15.1.0<\/div>\n<p>[\/vc_column_text][\/vc_column][\/vc_row][vc_row][vc_column][vc_column_text]<\/p>\n<div id=\"sconnect-is-installed\" style=\"display: none;\">2.15.1.0<\/div>\n<p>[\/vc_column_text][\/vc_column][\/vc_row][vc_row][vc_column][vc_column_text]<\/p>\n<div id=\"sconnect-is-installed\" style=\"display: none;\">2.15.1.0<\/div>\n<p>[\/vc_column_text][\/vc_column][\/vc_row][vc_row][vc_column][vc_column_text]<\/p>\n<div id=\"sconnect-is-installed\" style=\"display: none;\">2.15.1.0<\/div>\n<p>[\/vc_column_text][\/vc_column][\/vc_row][vc_row][vc_column][vc_column_text]<\/p>\n<div id=\"sconnect-is-installed\" style=\"display: none;\">2.15.1.0<\/div>\n<p>[\/vc_column_text][\/vc_column][\/vc_row][vc_row][vc_column][vc_column_text]<\/p>\n<div id=\"sconnect-is-installed\" style=\"display: none;\">2.15.1.0<\/div>\n<p>[\/vc_column_text][\/vc_column][\/vc_row][vc_row][vc_column][vc_column_text]<\/p>\n<div id=\"sconnect-is-installed\" style=\"display: none;\">2.15.1.0<\/div>\n<div id=\"sconnect-is-installed\" style=\"display: none;\">2.15.1.0<\/div>\n<p>[\/vc_column_text][\/vc_column][\/vc_row][vc_row][vc_column][vc_column_text]<\/p>\n<div id=\"sconnect-is-installed\" style=\"display: none;\">2.15.1.0<\/div>\n<p>[\/vc_column_text][\/vc_column][\/vc_row][vc_row][vc_column][vc_column_text]<\/p>\n<div id=\"sconnect-is-installed\" style=\"display: none;\">2.15.1.0<\/div>\n<div id=\"sconnect-is-installed\" style=\"display: none;\">2.15.1.0<\/div>\n<p>[\/vc_column_text][\/vc_column][\/vc_row][vc_row][vc_column][vc_column_text]<\/p>\n<div id=\"sconnect-is-installed\" style=\"display: none;\">2.15.1.0<\/div>\n<div id=\"sconnect-is-installed\" style=\"display: none;\">2.15.1.0<\/div>\n<div id=\"sconnect-is-installed\" style=\"display: none;\">2.15.1.0<\/div>\n<div id=\"sconnect-is-installed\" style=\"display: none;\">2.15.1.0<\/div>\n<p>[\/vc_column_text][\/vc_column][\/vc_row][vc_row][vc_column][vc_column_text]<\/p>\n<div id=\"sconnect-is-installed\" style=\"display: none;\">2.15.1.0<\/div>\n<p>[\/vc_column_text][\/vc_column][\/vc_row]<\/p>\n<\/section>","protected":false},"excerpt":{"rendered":"<p>[vc_row row_content_width=&#8221;grid&#8221; css=&#8221;.vc_custom_1732620382709{padding-top: 16px !important;padding-bottom: 129px !important;}&#8221;][vc_column css=&#8221;.vc_custom_1521538610372{padding-top: 56px !important;padding-bottom: 20px !important;}&#8221;][\/vc_column][\/vc_row][vc_row][vc_column][vc_column_text] 2.15.1.0 2.15.1.0 [\/vc_column_text][\/vc_column][\/vc_row][vc_row][vc_column][vc_column_text] 2.15.1.0 [\/vc_column_text][\/vc_column][\/vc_row][vc_row][vc_column][vc_column_text] 2.15.1.0 [\/vc_column_text][\/vc_column][\/vc_row][vc_row][vc_column][vc_column_text] 2.15.1.0 [\/vc_column_text][\/vc_column][\/vc_row][vc_row][vc_column][vc_column_text] 2.15.1.0 [\/vc_column_text][\/vc_column][\/vc_row][vc_row][vc_column][vc_column_text] 2.15.1.0 [\/vc_column_text][\/vc_column][\/vc_row][vc_row][vc_column][vc_column_text] 2.15.1.0 [\/vc_column_text][\/vc_column][\/vc_row][vc_row][vc_column][vc_column_text] 2.15.1.0 2.15.1.0 [\/vc_column_text][\/vc_column][\/vc_row][vc_row][vc_column][vc_column_text] 2.15.1.0 [\/vc_column_text][\/vc_column][\/vc_row][vc_row][vc_column][vc_column_text] 2.15.1.0 2.15.1.0 [\/vc_column_text][\/vc_column][\/vc_row][vc_row][vc_column][vc_column_text] 2.15.1.0 2.15.1.0 2.15.1.0 2.15.1.0 [\/vc_column_text][\/vc_column][\/vc_row][vc_row][vc_column][vc_column_text] [&hellip;]<\/p>\n","protected":false},"author":1,"featured_media":0,"parent":0,"menu_order":0,"comment_status":"closed","ping_status":"closed","template":"","meta":{"om_disable_all_campaigns":false,"footnotes":""},"class_list":["post-17270","page","type-page","status-publish","hentry"],"aioseo_notices":[],"_links":{"self":[{"href":"https:\/\/www.infinimountainguides.com\/ca\/wp-json\/wp\/v2\/pages\/17270","targetHints":{"allow":["GET"]}}],"collection":[{"href":"https:\/\/www.infinimountainguides.com\/ca\/wp-json\/wp\/v2\/pages"}],"about":[{"href":"https:\/\/www.infinimountainguides.com\/ca\/wp-json\/wp\/v2\/types\/page"}],"author":[{"embeddable":true,"href":"https:\/\/www.infinimountainguides.com\/ca\/wp-json\/wp\/v2\/users\/1"}],"replies":[{"embeddable":true,"href":"https:\/\/www.infinimountainguides.com\/ca\/wp-json\/wp\/v2\/comments?post=17270"}],"version-history":[{"count":0,"href":"https:\/\/www.infinimountainguides.com\/ca\/wp-json\/wp\/v2\/pages\/17270\/revisions"}],"wp:attachment":[{"href":"https:\/\/www.infinimountainguides.com\/ca\/wp-json\/wp\/v2\/media?parent=17270"}],"curies":[{"name":"wp","href":"https:\/\/api.w.org\/{rel}","templated":true}]}}